{"id":9103,"date":"2020-04-29T13:10:08","date_gmt":"2020-04-29T10:10:08","guid":{"rendered":"https:\/\/rahvaroivad.archaeovision.eu\/?page_id=9103"},"modified":"2024-05-08T16:38:54","modified_gmt":"2024-05-08T13:38:54","slug":"janeda","status":"publish","type":"page","link":"https:\/\/stage.rahvaroivad.ee\/nouandekojad\/janeda\/","title":{"rendered":"J\u00e4neda rahvar\u00f5iva n\u00f5uandekoda"},"content":{"rendered":"\n<h2 class=\"wp-block-heading\">Asukoht<\/h2>\n\n\n\n<p>J\u00e4neda Muuseum<br>J\u00e4neda<br>73602 Tapa vald<br>L\u00e4\u00e4ne-Virumaa<\/p>\n\n\n\n<h2 class=\"wp-block-heading\">Kontakt<\/h2>\n\n\n\n<p>E-post: <a href=\"mailto:luulekodu@gmail.com\">luulekodu@gmail.com<\/a><br>Tel: +372 5887107<br><a href=\"https:\/\/rahvariided.eu\/\">Veebileht<\/a><\/p>\n\n\n\n<h2 class=\"wp-block-heading\">N\u00f5ustajad<\/h2>\n\n\n\n<ul class=\"wp-block-list\"><li>Luule Nurga \u2013 rahvar\u00f5ivaste valmistaja ja koolitaja aastast 1994, 6. taseme kutsetunnistusega rahvar\u00f5ivameister<\/li><li>Tiia Kontus &#8211; 5. taseme kutsetunnistusega rahvar\u00f5ivaste valmistaja, rahvar\u00f5ivav\u00f6\u00f6de konsultant<\/li><li>Silvi Allimann \u2013 rahvar\u00f5ivameister ja koolitaja, valdkonna arendaja<\/li><\/ul>\n\n\n\n<h2 class=\"wp-block-heading\">N\u00f5ustamine<\/h2>\n\n\n\n<ul class=\"wp-block-list\"><li>J\u00e4nedal toimuvate suur\u00fcrituste raames;<\/li><li>P\u00f5hjalikumad konsultatsioonid eelnevalt kokkulepitud aegadel v\u00f5i e-kirja teel.<\/li><\/ul>\n\n\n\n<h2 class=\"wp-block-heading\">Kihelkonnad<\/h2>\n\n\n\n<p>N\u00f5uandekoda kogub, valdab ja jagab informatsiooni j\u00e4rgmiste kihelkondade rahvar\u00f5ivaste kohta: <\/p>\n\n\n\n<ul class=\"wp-block-list\"><li><a href=\"https:\/\/rahvaroivad.ee\/regioonid\/pohja-eesti\/ambla\">Ambla<\/a><\/li><li>Teised kihelkonnad, mille rahvar\u00f5ivaste valmistamise kogemus on olemas<\/li><\/ul>\n\n\n\n<h2 class=\"wp-block-heading\">Materjalid<\/h2>\n\n\n\n<ul class=\"wp-block-list\"><li>Rahvar\u00f5ivaalane kirjandus.<\/li><li>Luule Nurga koostatud mapid Ambla kihelkonna rahvariiete informatsiooni ja t\u00f6\u00f6proovidega. Koostatud Eesti Rahva Muuseumi esemete baasil. V\u00f5imalik tellida teistesse Eesti raamatukogudesse. <\/li><li>Valik J\u00e4nedal valminud rahvariiete komplekte seinapannoodel.<\/li><li>MT\u00dc Loomet\u00f6\u00f6 <a href=\"https:\/\/www.rahvariided.eu\">veebilehel<\/a> on J\u00e4nedal valminud komplektide fotod.<\/li><\/ul>\n","protected":false},"excerpt":{"rendered":"<p>Asukoht J\u00e4neda MuuseumJ\u00e4neda73602 Tapa valdL\u00e4\u00e4ne-Virumaa Kontakt E-post: luulekodu@gmail.comTel: +372 5887107Veebileht N\u00f5ustajad Luule Nurga \u2013 rahvar\u00f5ivaste valmistaja ja koolitaja aastast 1994, 6. taseme kutsetunnistusega rahvar\u00f5ivameister Tiia Kontus &#8211; 5. taseme kutsetunnistusega rahvar\u00f5ivaste valmistaja, rahvar\u00f5ivav\u00f6\u00f6de konsultant Silvi Allimann \u2013 rahvar\u00f5ivameister ja koolitaja, valdkonna arendaja N\u00f5ustamine J\u00e4nedal toimuvate suur\u00fcrituste raames; P\u00f5hjalikumad konsultatsioonid eelnevalt kokkulepitud aegadel v\u00f5i e-kirja teel. [&hellip;]<\/p>\n","protected":false},"author":1,"featured_media":0,"parent":9003,"menu_order":0,"comment_status":"closed","ping_status":"closed","template":"","meta":{"footnotes":""},"class_list":["post-9103","page","type-page","status-publish","hentry","entry"],"featured_media_parent":false,"featured_media_orientation":false,"featured_media_width":false,"featured_media_height":false,"menu":453,"_links":{"self":[{"href":"https:\/\/stage.cms.rahvaroivad.ee\/\/wp-json\/wp\/v2\/pages\/9103","targetHints":{"allow":["GET"]}}],"collection":[{"href":"https:\/\/stage.cms.rahvaroivad.ee\/\/wp-json\/wp\/v2\/pages"}],"about":[{"href":"https:\/\/stage.cms.rahvaroivad.ee\/\/wp-json\/wp\/v2\/types\/page"}],"author":[{"embeddable":true,"href":"https:\/\/stage.cms.rahvaroivad.ee\/\/wp-json\/wp\/v2\/users\/1"}],"replies":[{"embeddable":true,"href":"https:\/\/stage.cms.rahvaroivad.ee\/\/wp-json\/wp\/v2\/comments?post=9103"}],"version-history":[{"count":5,"href":"https:\/\/stage.cms.rahvaroivad.ee\/\/wp-json\/wp\/v2\/pages\/9103\/revisions"}],"predecessor-version":[{"id":36174,"href":"https:\/\/stage.cms.rahvaroivad.ee\/\/wp-json\/wp\/v2\/pages\/9103\/revisions\/36174"}],"up":[{"embeddable":true,"href":"https:\/\/stage.cms.rahvaroivad.ee\/\/wp-json\/wp\/v2\/pages\/9003"}],"wp:attachment":[{"href":"https:\/\/stage.cms.rahvaroivad.ee\/\/wp-json\/wp\/v2\/media?parent=9103"}],"curies":[{"name":"wp","href":"https:\/\/api.w.org\/{rel}","templated":true}]}}