{"id":9041,"date":"2020-04-29T09:59:07","date_gmt":"2020-04-29T06:59:07","guid":{"rendered":"https:\/\/a.rahvaroivad.archaeovision.eu\/?page_id=9041"},"modified":"2024-03-24T14:19:38","modified_gmt":"2024-03-24T12:19:38","slug":"jarvamaa","status":"publish","type":"page","link":"https:\/\/stage.rahvaroivad.ee\/nouandekojad\/jarvamaa\/","title":{"rendered":"J\u00e4rvamaa rahvar\u00f5iva n\u00f5uandekoda"},"content":{"rendered":"\n<h2 class=\"wp-block-heading\">Asukoht<\/h2>\n\n\n\n<p><a href=\"https:\/\/wittenstein.ee\/tegevusmuuseum\/\">Wittensteini Tegevusmuuseum<\/a><br>Tallinna tn 9\/11<br>Paide linn 72713<\/p>\n\n\n\n<h2 class=\"wp-block-heading\">Kontakt<\/h2>\n\n\n\n<p>E-post: <a href=\"mailto:jarvamaa.nouandekoda@gmail.com\">jarvamaa.nouandekoda@gmail.com<\/a><\/p>\n\n\n\n<h2 class=\"wp-block-heading\">N\u00f5ustajad<\/h2>\n\n\n\n<ul class=\"wp-block-list\"><li>Silvia Aarma \u2013 6. taseme kutsetunnistusega rahvar\u00f5ivameister, konsultant<\/li><li>Kadi Vingisaar &#8211; T\u00dc VKA kultuurip\u00e4randi loovrakenduste magister, konsultant<\/li><li>Tiia Kontus &#8211; 5. taseme kutsetunnistusega rahvar\u00f5ivaste valmistaja, rahvar\u00f5ivav\u00f6\u00f6de konsultant.<\/li><li>Leelo Saar \u2013 J\u00e4rvamaa muuseumi peavarahoidja. J\u00e4rvamaa Muuseumi kogude kasutamine ja tutvustamine, Eesti muuseumide veebiv\u00e4rava MuIS kasutamine, rahvar\u00f5ivaste s\u00e4ilitamine. <\/li><\/ul>\n\n\n\n<h2 class=\"wp-block-heading\">N\u00f5ustamine<\/h2>\n\n\n\n<ul class=\"wp-block-list\"><li>L\u00fchikonsultatsioonid telefoni teel v\u00f5i l\u00e4bi <a href=\"https:\/\/www.facebook.com\/profile.php?id=100074819314087\">J\u00e4rvamaa Rahvar\u00f5iva N\u00f5uandekoja FB lehe<\/a>.<\/li><li>P\u00f5hjalikumad konsultatsioonid eelnevalt kokkulepitud aegadel v\u00f5i e-maili teel.<\/li><li>N\u00e4idiskomplektide, allikate ja metoodilise materjalidega tutvumine.<\/li><li>T\u00f6\u00f6vahendite ja materjalidega tutvumine.<\/li><li>J\u00e4rvamaa Muuseumi etnograafiakoguga tutvumine.<\/li><\/ul>\n\n\n\n<h2 class=\"wp-block-heading\">Kihelkonnad<\/h2>\n\n\n\n<p>N\u00f5uandekoda kogub, valdab ja jagab informatsiooni j\u00e4rgmiste kihelkondade rahvar\u00f5ivaste kohta: <\/p>\n\n\n\n<ul class=\"wp-block-list\"><li><a href=\"https:\/\/rahvaroivad.ee\/regioonid\/pohja-eesti\/ambla\">Ambla<\/a><\/li><li><a href=\"https:\/\/rahvaroivad.ee\/regioonid\/pohja-eesti\/anna\">Anna<\/a><\/li><li><a href=\"https:\/\/rahvaroivad.ee\/regioonid\/pohja-eesti\/jarva-jaani\">J\u00e4rva-Jaani<\/a><\/li><li><a href=\"https:\/\/rahvaroivad.ee\/regioonid\/pohja-eesti\/jarva-madise\">J\u00e4rva-Madise<\/a><\/li><li><a href=\"https:\/\/rahvaroivad.ee\/regioonid\/pohja-eesti\/koeru\">Koeru<\/a><\/li><li><a href=\"https:\/\/rahvaroivad.ee\/regioonid\/pohja-eesti\/paide\">Paide<\/a><\/li><li><a href=\"https:\/\/rahvaroivad.ee\/regioonid\/pohja-eesti\/peetri\">Peetri<\/a><\/li><li><a href=\"https:\/\/rahvaroivad.ee\/regioonid\/pohja-eesti\/turi\">T\u00fcri<\/a><\/li><li><a href=\"https:\/\/rahvaroivad.ee\/regioonid\/louna-eesti\/pilistvere\">Pilistvere <\/a><\/li><\/ul>\n\n\n\n<h2 class=\"wp-block-heading\">Materjalid<\/h2>\n\n\n\n<ul class=\"wp-block-list\"><li>Igast kihelkonnast \u00fcks r\u00f5ivakomplekt mannekeeni seljas.<\/li><li>Uurimistuba, kus on v\u00f5imalik uurida muuseumikogus olevaid esemeid.<\/li><li>Eesti Rahva Muuseumi ja J\u00e4rvamaa Muuseumi algallikate p\u00f5hjal koostatud mustrid ja joonised paberkandjal ning digitaalselt. Etteteatamisel v\u00f5imalik kasutada rahvar\u00f5iva-alast kirjandust.<\/li><li>J\u00e4rvamaa Muuseumi originaalesemetest koosnev etnograafiakogu.<\/li><\/ul>\n","protected":false},"excerpt":{"rendered":"<p>Asukoht Wittensteini TegevusmuuseumTallinna tn 9\/11Paide linn 72713 Kontakt E-post: jarvamaa.nouandekoda@gmail.com N\u00f5ustajad Silvia Aarma \u2013 6. taseme kutsetunnistusega rahvar\u00f5ivameister, konsultant Kadi Vingisaar &#8211; T\u00dc VKA kultuurip\u00e4randi loovrakenduste magister, konsultant Tiia Kontus &#8211; 5. taseme kutsetunnistusega rahvar\u00f5ivaste valmistaja, rahvar\u00f5ivav\u00f6\u00f6de konsultant. Leelo Saar \u2013 J\u00e4rvamaa muuseumi peavarahoidja. J\u00e4rvamaa Muuseumi kogude kasutamine ja tutvustamine, Eesti muuseumide veebiv\u00e4rava MuIS kasutamine, [&hellip;]<\/p>\n","protected":false},"author":1,"featured_media":19489,"parent":9003,"menu_order":0,"comment_status":"closed","ping_status":"closed","template":"","meta":{"footnotes":""},"class_list":["post-9041","page","type-page","status-publish","has-post-thumbnail","hentry","entry"],"featured_media_parent":"19489","featured_media_orientation":"portrait","featured_media_width":1707,"featured_media_height":2560,"menu":453,"_links":{"self":[{"href":"https:\/\/stage.cms.rahvaroivad.ee\/\/wp-json\/wp\/v2\/pages\/9041","targetHints":{"allow":["GET"]}}],"collection":[{"href":"https:\/\/stage.cms.rahvaroivad.ee\/\/wp-json\/wp\/v2\/pages"}],"about":[{"href":"https:\/\/stage.cms.rahvaroivad.ee\/\/wp-json\/wp\/v2\/types\/page"}],"author":[{"embeddable":true,"href":"https:\/\/stage.cms.rahvaroivad.ee\/\/wp-json\/wp\/v2\/users\/1"}],"replies":[{"embeddable":true,"href":"https:\/\/stage.cms.rahvaroivad.ee\/\/wp-json\/wp\/v2\/comments?post=9041"}],"version-history":[{"count":5,"href":"https:\/\/stage.cms.rahvaroivad.ee\/\/wp-json\/wp\/v2\/pages\/9041\/revisions"}],"predecessor-version":[{"id":34631,"href":"https:\/\/stage.cms.rahvaroivad.ee\/\/wp-json\/wp\/v2\/pages\/9041\/revisions\/34631"}],"up":[{"embeddable":true,"href":"https:\/\/stage.cms.rahvaroivad.ee\/\/wp-json\/wp\/v2\/pages\/9003"}],"wp:featuredmedia":[{"embeddable":true,"href":"https:\/\/stage.cms.rahvaroivad.ee\/\/wp-json\/wp\/v2\/media\/19489"}],"wp:attachment":[{"href":"https:\/\/stage.cms.rahvaroivad.ee\/\/wp-json\/wp\/v2\/media?parent=9041"}],"curies":[{"name":"wp","href":"https:\/\/api.w.org\/{rel}","templated":true}]}}