{"id":9003,"date":"2020-04-28T16:41:21","date_gmt":"2020-04-28T13:41:21","guid":{"rendered":"https:\/\/a.rahvaroivad.archaeovision.eu\/?page_id=9003"},"modified":"2024-03-24T14:16:52","modified_gmt":"2024-03-24T12:16:52","slug":"nouandekojad","status":"publish","type":"page","link":"https:\/\/stage.rahvaroivad.ee\/nouandekojad\/","title":{"rendered":"Rahvar\u00f5iva n\u00f5uandekojad"},"content":{"rendered":"\n<p>Rahvar\u00f5ivategevuse ja n\u00f5ustamise laiendamiseks ning paremaks koordineerimiseks on MT\u00dc Rahvar\u00f5ivas koost\u00f6\u00f6s kohalike muuseumide ja rahvar\u00f5ivaspetsialistidega \u00fcles ehitamas paikkondlike rahvar\u00f5iva n\u00f5uandekodade ja n\u00f5ustajate v\u00f5rgustikku. Rahvar\u00f5iva n\u00f5uandekodadest saavad k\u00f5ik huvilised teavet oma piirkonna rahvar\u00f5ivastest, samuti saab sealt infot selle piirkonna rahvar\u00f5ivaste valmistajate kohta.<\/p>\n\n\n\n<h2 class=\"wp-block-heading\">Kinnitatud kojad<\/h2>\n\n\n\n<ul class=\"wp-block-list\"><li><a href=\"\/nouandekojad\/harjumaa\">Harjumaa rahvar\u00f5iva n\u00f5uandekoda<\/a><br>Silja N\u00f5u<br>Maret Lehis<br>Lembe Maria Sihvre<br>Marike Laht<\/li><li><a href=\"\/nouandekojad\/hiiumaa\">Hiiumaa rahvar\u00f5iva n\u00f5uandekoda<\/a><br>Helgi P\u00f5llo<br>Kadri Kuusk <br>Kristiina Vessar<br>Helle-Mare K\u00f5mmus<\/li><li><a href=\"\/nouandekojad\/janeda\/\">J\u00e4neda rahvar\u00f5iva n\u00f5uandekoda<\/a><br>Luule Nurga<br>Gitta Truus jt.<\/li><li><a href=\"\/nouandekojad\/jarvamaa\/\">J\u00e4rvamaa rahvar\u00f5iva n\u00f5uandekoda<\/a><br>Silvia Aarma<br>Kadi Vingisaar<br>Tiia Kontus<br>Leelo Saar<\/li><li><a href=\"https:\/\/rahvaroivad.ee\/nouandekojad\/muhu-rahvaroiva-nouandekoda\">Muhu rahvar\u00f5iva n\u00f5uandekoda<\/a><br>Alliki Oidekivi<br>K\u00e4tli Saarkoppel<br>Mai Meriste<\/li><li><a href=\"\/nouandekojad\/parnumaa\">P\u00e4rnumaa rahvar\u00f5iva n\u00f5uandekoda<\/a><br>Anu Randmaa<br>Inna Raud<br>Liis Luhamaa<br>\u00dclli Kont<\/li><li><a href=\"https:\/\/rahvaroivad.ee\/nouandekojad\/raplamaa\">Raplamaa rahvar\u00f5iva n\u00f5uandekoda<\/a><br>Anne Ummalas<br>Gerly Karu<br>Piret Kuutok jt.<\/li><li><a href=\"\/nouandekojad\/saaremaa\">Saaremaa rahvar\u00f5iva n\u00f5uandekoda<\/a><br>Mareli Rannap<\/li><li><a href=\"https:\/\/rahvaroivad.ee\/nouandekojad\/viljandimaa-rahvaroiva-nouandekoda\">Viljandimaa rahvar\u00f5iva n\u00f5uandekoda<\/a><br>Tiina J\u00fcrgen<br>Inna Raud<br>Sandra Urvak<\/li><li><a href=\"https:\/\/rahvaroivad.ee\/nouandekojad\/vana-voromaa-rahvaroiva-nouandekoda\">Vana-V\u00f5romaa rahvar\u00f5iva n\u00f5uandekoda <\/a><br>Vilve Oja<br>Mirja Ots<br>\u00d5nnela Rohtla jt.<\/li><li><a href=\"\/nouandekojad\/virumaa\">Virumaa rahvar\u00f5iva n\u00f5uandekoda<\/a><br>Kersti Loite<br>Larissa Omler<\/li><li><a href=\"https:\/\/rahvaroivad.ee\/nouandekojad\/vooremaa\">Vooremaa rahvar\u00f5iva n\u00f5uandekoda<\/a><br>Tiina Kull<br>Janne Vaabla<\/li><\/ul>\n\n\n\n<h2 class=\"wp-block-heading\">Rahvar\u00f5ivan\u00f5ustajad paikkondades<\/h2>\n\n\n\n<ul class=\"wp-block-list\" type=\"1\" start=\"2\"><li><strong>Eesti Rahva Muuseum, Rahvakultuuri koolitus- ja teabekeskus<\/strong><br>Reet Piiri <a href=\"mailto:Reet.Piiri@erm.ee\">Reet.Piiri@erm.ee<\/a><br>Ellen V\u00e4rv <a href=\"mailto:Ellen.Varv@erm.ee\">Ellen.Varv@erm.ee<\/a> <br>Age Raudsepp <a href=\"mailto:Age.Raudsepp@erm.ee\">Age.Raudsepp@erm.ee<\/a><\/li><li><strong>Ida-Virumaa<br><\/strong>Kaili Maasikm\u00e4e <a href=\"mailto:ili.maasikmae@gmail.com\">kaili.maasikmae@gmail.com<\/a> <\/li><li><strong>Setomaa<br><\/strong>Ingrit Kala <a href=\"mailto:ingrit@setomaa.ee\">ingrit@setomaa.ee<\/a> <\/li><li><strong>Kihnu saar<br><\/strong>Maie Aav&nbsp;<a href=\"mailto:maie.aav@gmail.com\">maie.aav@gmail.com<\/a><\/li><li><strong>P\u00f5hja-Viljandi ja Mulgimaa<br><\/strong>Tiina J\u00fcrgen <a href=\"mailto:tiinajyrgen@hotmail.com\">tiinajyrgen@hotmail.com<\/a><\/li><li><strong>Vormsi<br><\/strong>Kristina Rajando <a href=\"mailto:kristina.rajando@gmail.com\">kristina.rajando@gmail.com<\/a> <\/li><li><strong>Pakri saared<\/strong><br>Lembe Maria Sihvre <a href=\"mailto:lembe@folkart.ee\">lembe@folkart.ee<\/a><\/li><li><strong>Pilistvere kihelkond<\/strong><br>Annely Meerbach <a href=\"mailto:annely.meerbach@gmail.com\">annely.meerbach@gmail.com<\/a><\/li><li><strong>Otep\u00e4\u00e4, R\u00f5ngu ja Sangaste kihelkond<\/strong><br>Marge Tadolder <a href=\"mailto:margetadolder@gmail.com\">margetadolder@gmail.com<\/a><strong><br><\/strong><\/li><\/ul>\n","protected":false},"excerpt":{"rendered":"<p>Rahvar\u00f5ivategevuse ja n\u00f5ustamise laiendamiseks ning paremaks koordineerimiseks on MT\u00dc Rahvar\u00f5ivas koost\u00f6\u00f6s kohalike muuseumide ja rahvar\u00f5ivaspetsialistidega \u00fcles ehitamas paikkondlike rahvar\u00f5iva n\u00f5uandekodade ja n\u00f5ustajate v\u00f5rgustikku. Rahvar\u00f5iva n\u00f5uandekodadest saavad k\u00f5ik huvilised teavet oma piirkonna rahvar\u00f5ivastest, samuti saab sealt infot selle piirkonna rahvar\u00f5ivaste valmistajate kohta. Kinnitatud kojad Harjumaa rahvar\u00f5iva n\u00f5uandekodaSilja N\u00f5uMaret LehisLembe Maria SihvreMarike Laht Hiiumaa rahvar\u00f5iva n\u00f5uandekodaHelgi P\u00f5lloKadri [&hellip;]<\/p>\n","protected":false},"author":1,"featured_media":13276,"parent":0,"menu_order":0,"comment_status":"closed","ping_status":"closed","template":"","meta":{"footnotes":""},"class_list":["post-9003","page","type-page","status-publish","has-post-thumbnail","hentry","entry"],"featured_media_parent":"13276","featured_media_orientation":"portrait","featured_media_width":2181,"featured_media_height":2560,"menu":453,"_links":{"self":[{"href":"https:\/\/stage.cms.rahvaroivad.ee\/\/wp-json\/wp\/v2\/pages\/9003","targetHints":{"allow":["GET"]}}],"collection":[{"href":"https:\/\/stage.cms.rahvaroivad.ee\/\/wp-json\/wp\/v2\/pages"}],"about":[{"href":"https:\/\/stage.cms.rahvaroivad.ee\/\/wp-json\/wp\/v2\/types\/page"}],"author":[{"embeddable":true,"href":"https:\/\/stage.cms.rahvaroivad.ee\/\/wp-json\/wp\/v2\/users\/1"}],"replies":[{"embeddable":true,"href":"https:\/\/stage.cms.rahvaroivad.ee\/\/wp-json\/wp\/v2\/comments?post=9003"}],"version-history":[{"count":5,"href":"https:\/\/stage.cms.rahvaroivad.ee\/\/wp-json\/wp\/v2\/pages\/9003\/revisions"}],"predecessor-version":[{"id":35952,"href":"https:\/\/stage.cms.rahvaroivad.ee\/\/wp-json\/wp\/v2\/pages\/9003\/revisions\/35952"}],"wp:featuredmedia":[{"embeddable":true,"href":"https:\/\/stage.cms.rahvaroivad.ee\/\/wp-json\/wp\/v2\/media\/13276"}],"wp:attachment":[{"href":"https:\/\/stage.cms.rahvaroivad.ee\/\/wp-json\/wp\/v2\/media?parent=9003"}],"curies":[{"name":"wp","href":"https:\/\/api.w.org\/{rel}","templated":true}]}}