{"id":558,"date":"2019-01-28T05:56:24","date_gmt":"2019-01-28T03:56:24","guid":{"rendered":"https:\/\/a.rahvaroivad.archaeovision.eu\/?post_type=rahvaroivad&#038;p=558"},"modified":"2024-03-24T14:19:49","modified_gmt":"2024-03-24T12:19:49","slug":"hiiumaa","status":"publish","type":"page","link":"https:\/\/stage.rahvaroivad.ee\/nouandekojad\/hiiumaa\/","title":{"rendered":"Hiiumaa rahvar\u00f5iva n\u00f5uandekoda"},"content":{"rendered":"\n<h2 class=\"wp-block-heading\">Asukoht<\/h2>\n\n\n\n<p>Hiiumaa Muuseumid<br>Vabrikuv\u00e4ljak 8<br>92411 K\u00e4rdla<\/p>\n\n\n\n<h2 class=\"wp-block-heading\">Kontakt<\/h2>\n\n\n\n<p>E-post:  <a href=\"mailto:info@muuseum.hiiumaa.ee\">info@muuseum.hiiumaa.ee<\/a>   <br>Tel:  +372 528 4401 <\/p>\n\n\n\n<h2 class=\"wp-block-heading\">N\u00f5ustajad<\/h2>\n\n\n\n<ul class=\"wp-block-list\"><li>Helgi P\u00f5llo \u2013 ajaloolane, etnograaf<\/li><li>Kadri Kuusk \u2013 Hiiumaa muuseumi peavarahoidja<\/li><li>Kristiina Vessar \u2013 rahvatantsujuht<\/li><li>Helle-Mare K\u00f5mmus \u2013&nbsp;rahvatantsujuht, rahvakultuurispetsialist<\/li><\/ul>\n\n\n\n<h2 class=\"wp-block-heading\">N\u00f5ustamine<\/h2>\n\n\n\n<ul class=\"wp-block-list\"><li>L\u00fchikonsultatsioonid telefoni teel<\/li><li>P\u00f5hjalikumad konsultatsioonid eelnevalt kokkulepitud aegadel v\u00f5i e-kirja teel<\/li><li>N\u00e4idiskomplektide, allikate ja metoodilise materjalidega tutvumine<\/li><li>T\u00f6\u00f6vahendite ja materjalidega tutvumine<\/li><\/ul>\n\n\n\n<h2 class=\"wp-block-heading\">Kihelkonnad<\/h2>\n\n\n\n<p>N\u00f5uandekoda kogub, valdab ja jagab informatsiooni j\u00e4rgmiste kihelkondade rahvar\u00f5ivaste kohta: <\/p>\n\n\n\n<ul class=\"wp-block-list\"><li><a href=\"https:\/\/rahvaroivad.ee\/regioonid\/saared\/emmaste\">Emmaste<\/a><\/li><li><a href=\"https:\/\/rahvaroivad.ee\/regioonid\/saared\/kaina\">K\u00e4ina<\/a><\/li><li><a href=\"https:\/\/rahvaroivad.ee\/regioonid\/saared\/puhalepa\">P\u00fchalepa<\/a><\/li><li><a href=\"https:\/\/rahvaroivad.ee\/regioonid\/saared\/reigi\">Reigi<\/a><\/li><\/ul>\n\n\n\n<h2 class=\"wp-block-heading\">Materjalid<\/h2>\n\n\n\n<ul class=\"wp-block-list\"><li>Originaalesemetest koosnev muuseumikogu;<\/li><li>koopiaesemed;<\/li><li>erinevate Hiiumaa kihelkondade rahvar\u00f5ivaste n\u00e4idiskomplektid;<\/li><li>rahvar\u00f5ivaste ja erinevate k\u00e4sit\u00f6\u00f6tehnikate raamatud, bro\u0161\u00fc\u00fcrid ja teaduslike artiklite koopiad;<\/li><li>pildid, t\u00f6\u00f6joonised ja \u2013proovid r\u00f5ivakomplektidest;<\/li><li>muuseumi fotokogu.<\/li><\/ul>\n","protected":false},"excerpt":{"rendered":"<p>Asukoht Hiiumaa MuuseumidVabrikuv\u00e4ljak 892411 K\u00e4rdla Kontakt E-post: info@muuseum.hiiumaa.ee Tel: +372 528 4401 N\u00f5ustajad Helgi P\u00f5llo \u2013 ajaloolane, etnograaf Kadri Kuusk \u2013 Hiiumaa muuseumi peavarahoidja Kristiina Vessar \u2013 rahvatantsujuht Helle-Mare K\u00f5mmus \u2013&nbsp;rahvatantsujuht, rahvakultuurispetsialist N\u00f5ustamine L\u00fchikonsultatsioonid telefoni teel P\u00f5hjalikumad konsultatsioonid eelnevalt kokkulepitud aegadel v\u00f5i e-kirja teel N\u00e4idiskomplektide, allikate ja metoodilise materjalidega tutvumine T\u00f6\u00f6vahendite ja materjalidega tutvumine Kihelkonnad [&hellip;]<\/p>\n","protected":false},"author":1,"featured_media":5408,"parent":9003,"menu_order":0,"comment_status":"closed","ping_status":"closed","template":"","meta":{"footnotes":""},"class_list":["post-558","page","type-page","status-publish","has-post-thumbnail","hentry","entry"],"featured_media_parent":"5408","featured_media_orientation":"portrait","featured_media_width":1714,"featured_media_height":2560,"menu":453,"_links":{"self":[{"href":"https:\/\/stage.cms.rahvaroivad.ee\/\/wp-json\/wp\/v2\/pages\/558","targetHints":{"allow":["GET"]}}],"collection":[{"href":"https:\/\/stage.cms.rahvaroivad.ee\/\/wp-json\/wp\/v2\/pages"}],"about":[{"href":"https:\/\/stage.cms.rahvaroivad.ee\/\/wp-json\/wp\/v2\/types\/page"}],"author":[{"embeddable":true,"href":"https:\/\/stage.cms.rahvaroivad.ee\/\/wp-json\/wp\/v2\/users\/1"}],"replies":[{"embeddable":true,"href":"https:\/\/stage.cms.rahvaroivad.ee\/\/wp-json\/wp\/v2\/comments?post=558"}],"version-history":[{"count":4,"href":"https:\/\/stage.cms.rahvaroivad.ee\/\/wp-json\/wp\/v2\/pages\/558\/revisions"}],"predecessor-version":[{"id":34054,"href":"https:\/\/stage.cms.rahvaroivad.ee\/\/wp-json\/wp\/v2\/pages\/558\/revisions\/34054"}],"up":[{"embeddable":true,"href":"https:\/\/stage.cms.rahvaroivad.ee\/\/wp-json\/wp\/v2\/pages\/9003"}],"wp:featuredmedia":[{"embeddable":true,"href":"https:\/\/stage.cms.rahvaroivad.ee\/\/wp-json\/wp\/v2\/media\/5408"}],"wp:attachment":[{"href":"https:\/\/stage.cms.rahvaroivad.ee\/\/wp-json\/wp\/v2\/media?parent=558"}],"curies":[{"name":"wp","href":"https:\/\/api.w.org\/{rel}","templated":true}]}}