{"id":557,"date":"2019-01-28T05:42:06","date_gmt":"2019-01-28T03:42:06","guid":{"rendered":"https:\/\/a.rahvaroivad.archaeovision.eu\/?post_type=rahvaroivad&#038;p=557"},"modified":"2024-09-01T07:58:57","modified_gmt":"2024-09-01T04:58:57","slug":"harjumaa","status":"publish","type":"page","link":"https:\/\/stage.rahvaroivad.ee\/nouandekojad\/harjumaa\/","title":{"rendered":"Harjumaa rahvar\u00f5iva n\u00f5uandekoda"},"content":{"rendered":"\n<h2 class=\"wp-block-heading\">Asukoht<\/h2>\n\n\n\n<p><a href=\"https:\/\/harjumaamuuseum.ee\/\">Harjumaa Muuseum<\/a><br>Linnuse 9<br>76608 Keila<\/p>\n\n\n\n<h2 class=\"wp-block-heading\">Kontakt<\/h2>\n\n\n\n<p>E-post: <a href=\"mailto:harjumaaparimuskeskus@gmail.com\">harjumaaparimuskeskus@gmail.com<\/a><\/p>\n\n\n\n<h2 class=\"wp-block-heading\">N\u00f5ustajad<\/h2>\n\n\n\n<ul class=\"wp-block-list\"><li>Silja N\u00f5u \u2013 rahvar\u00f5ivameister ja \u00f5petaja, MT\u00dc Rahvar\u00f5ivas juhatuse liige<\/li><li>Maret Lehis \u2013 rahvar\u00f5ivameister ja \u00f5petaja, p\u00e4randtehnoloogia magister, 7. taseme kutsetunnistusega rahvar\u00f5ivameister ja kangakuduja, O\u00dc Pileum, O\u00dc Oub<\/li><li>Lembe Maria Sihvre \u2013 disainer, k\u00e4sit\u00f6\u00f6meister, Eesti Rahvakunsti ja K\u00e4sit\u00f6\u00f6 Liidu juhatuse liige<\/li><li>Marike Laht \u2013 konservaator, SA Eesti Vaba\u00f5humuuseum<\/li><li>MT\u00dc Harjumaa P\u00e4rimuskeskus<\/li><\/ul>\n\n\n\n<h2 class=\"wp-block-heading\">N\u00f5ustamine<\/h2>\n\n\n\n<ul class=\"wp-block-list\"><li>N\u00f5uandep\u00e4evad toimuvad 1 x kuus<\/li><li>P\u00f5hjalikumad konsultatsioonid toimuvad kokkulepitud aegadel v\u00f5i e-kirja teel<\/li><\/ul>\n\n\n\n<h2 class=\"wp-block-heading\">Kihelkonnad<\/h2>\n\n\n\n<p>N\u00f5uandekoda kogub, valdab ja jagab informatsiooni j\u00e4rgmiste kihelkondade rahvar\u00f5ivaste kohta:<\/p>\n\n\n\n<ul class=\"wp-block-list\"><li>Vana-Harjumaa kihelkonnad, sh Pakri saared ja rannarootslaste r\u00f5ivastus.<\/li><li>Teised Eesti kihelkonnad, mille r\u00f5ivaste valmistamise kogemus on olemas.<\/li><\/ul>\n\n\n\n<h2 class=\"wp-block-heading\">Materjalid<\/h2>\n\n\n\n<ul class=\"wp-block-list\"><li>Erinevate Harjumaa kihelkondade rahvar\u00f5ivaste n\u00e4idiskomplektid;<\/li><li>muuseumikogude originaalesemed;<\/li><li>suur hulk Pakri saarte esemeid;<\/li><li>muuseumi fotokogu;<\/li><li>rahvar\u00f5ivaste ja erinevate k\u00e4sit\u00f6\u00f6tehnikate raamatud;<\/li><li>bro\u0161\u00fc\u00fcrid ja teaduslike artiklite koopiad;<\/li><li>fotod,  t\u00f6\u00f6joonised ja \u2013proovid valmistatud komplektidest;<\/li><li>arhiivimaterjalid Harjumaa kihelkondade kohta;<\/li><li>ajalooliste esemete andmebaas.<\/li><\/ul>\n","protected":false},"excerpt":{"rendered":"<p>Asukoht Harjumaa MuuseumLinnuse 976608 Keila Kontakt E-post: harjumaaparimuskeskus@gmail.com N\u00f5ustajad Silja N\u00f5u \u2013 rahvar\u00f5ivameister ja \u00f5petaja, MT\u00dc Rahvar\u00f5ivas juhatuse liige Maret Lehis \u2013 rahvar\u00f5ivameister ja \u00f5petaja, p\u00e4randtehnoloogia magister, 7. taseme kutsetunnistusega rahvar\u00f5ivameister ja kangakuduja, O\u00dc Pileum, O\u00dc Oub Lembe Maria Sihvre \u2013 disainer, k\u00e4sit\u00f6\u00f6meister, Eesti Rahvakunsti ja K\u00e4sit\u00f6\u00f6 Liidu juhatuse liige Marike Laht \u2013 konservaator, SA [&hellip;]<\/p>\n","protected":false},"author":1,"featured_media":32300,"parent":9003,"menu_order":0,"comment_status":"closed","ping_status":"closed","template":"","meta":{"footnotes":""},"class_list":["post-557","page","type-page","status-publish","has-post-thumbnail","hentry","entry"],"featured_media_parent":"32300","featured_media_orientation":"portrait","featured_media_width":1707,"featured_media_height":2560,"menu":453,"_links":{"self":[{"href":"https:\/\/stage.cms.rahvaroivad.ee\/\/wp-json\/wp\/v2\/pages\/557","targetHints":{"allow":["GET"]}}],"collection":[{"href":"https:\/\/stage.cms.rahvaroivad.ee\/\/wp-json\/wp\/v2\/pages"}],"about":[{"href":"https:\/\/stage.cms.rahvaroivad.ee\/\/wp-json\/wp\/v2\/types\/page"}],"author":[{"embeddable":true,"href":"https:\/\/stage.cms.rahvaroivad.ee\/\/wp-json\/wp\/v2\/users\/1"}],"replies":[{"embeddable":true,"href":"https:\/\/stage.cms.rahvaroivad.ee\/\/wp-json\/wp\/v2\/comments?post=557"}],"version-history":[{"count":6,"href":"https:\/\/stage.cms.rahvaroivad.ee\/\/wp-json\/wp\/v2\/pages\/557\/revisions"}],"predecessor-version":[{"id":36564,"href":"https:\/\/stage.cms.rahvaroivad.ee\/\/wp-json\/wp\/v2\/pages\/557\/revisions\/36564"}],"up":[{"embeddable":true,"href":"https:\/\/stage.cms.rahvaroivad.ee\/\/wp-json\/wp\/v2\/pages\/9003"}],"wp:featuredmedia":[{"embeddable":true,"href":"https:\/\/stage.cms.rahvaroivad.ee\/\/wp-json\/wp\/v2\/media\/32300"}],"wp:attachment":[{"href":"https:\/\/stage.cms.rahvaroivad.ee\/\/wp-json\/wp\/v2\/media?parent=557"}],"curies":[{"name":"wp","href":"https:\/\/api.w.org\/{rel}","templated":true}]}}