{"id":556,"date":"2019-01-28T05:41:53","date_gmt":"2019-01-28T03:41:53","guid":{"rendered":"https:\/\/a.rahvaroivad.archaeovision.eu\/?post_type=rahvaroivad&#038;p=556"},"modified":"2024-03-24T14:20:49","modified_gmt":"2024-03-24T12:20:49","slug":"saaremaa","status":"publish","type":"page","link":"https:\/\/stage.rahvaroivad.ee\/nouandekojad\/saaremaa\/","title":{"rendered":"Saaremaa rahvar\u00f5iva n\u00f5uandekoda"},"content":{"rendered":"\n<h2 class=\"wp-block-heading\">Asukoht<\/h2>\n\n\n\n<p>Saaremaa Muuseumi varahoidla<br>Arhiivi tn 1<br>93815 Kuressaare <\/p>\n\n\n\n<h2 class=\"wp-block-heading\">Kontakt<\/h2>\n\n\n\n<p>E-post: <a href=\"mailto:marelirannap@gmail.com\">marelirannap@gmail.com<\/a> <br>Tel: +372 5228817 <br><a href=\"http:\/\/www.saaremaamuuseum.ee\/uurijale\/saaremaa-rahvaroiva-nouandekoda\/\">Veebileht<\/a><\/p>\n\n\n\n<h2 class=\"wp-block-heading\">N\u00f5ustaja<\/h2>\n\n\n\n<div class=\"wp-block-group\"><div class=\"wp-block-group__inner-container is-layout-flow wp-block-group-is-layout-flow\">\n<ul class=\"wp-block-list\"><li>Mareli Rannap \u2013 T\u00dc VKA p\u00e4randtehnoloogia magister, rahvar\u00f5ivameistri 7. taseme kutsetunnistus, valmistanud Karja naise rahvariided, Mustjala naise kasuka ning juhendanud J\u00e4maja ja Karja meeste rahvariiete komplektide valmistamist.<\/li><\/ul>\n<\/div><\/div>\n\n\n\n<h2 class=\"wp-block-heading\">N\u00f5ustamise kord<\/h2>\n\n\n\n<ul class=\"wp-block-list\"><li>&nbsp; &nbsp; N\u00f5uandelaup\u00e4evad 1 x kuus<\/li><li>&nbsp; &nbsp; Konsultatsioon n\u00f5uandekojas eelnevalt kokkulepitud aegadel<\/li><li>&nbsp; &nbsp; Konsultatsioon telefoni ja e-kirja teel<\/li><\/ul>\n\n\n\n<h2 class=\"wp-block-heading\">Kihelkonnad<\/h2>\n\n\n\n<p>N\u00f5uandekoda kogub, valdab ja jagab informatsiooni j\u00e4rgmiste kihelkondade rahvar\u00f5ivaste kohta:<strong> &nbsp;<\/strong><\/p>\n\n\n\n<ul class=\"wp-block-list\"><li><a href=\"https:\/\/rahvaroivad.ee\/regioonid\/saared\/ansekula\">Ansek\u00fcla <\/a><\/li><li><a href=\"https:\/\/rahvaroivad.ee\/regioonid\/saared\/jaani\">Jaani<\/a><\/li><li><a href=\"https:\/\/rahvaroivad.ee\/regioonid\/saared\/jamaja\">J\u00e4maja<\/a><\/li><li><a href=\"https:\/\/rahvaroivad.ee\/regioonid\/saared\/karja\">Karja<\/a><\/li><li><a href=\"https:\/\/rahvaroivad.ee\/regioonid\/saared\/kaarma\">Kaarma<\/a><\/li><li><a href=\"https:\/\/rahvaroivad.ee\/regioonid\/saared\/kihelkonna\">Kihelkonna<\/a><\/li><li><a href=\"https:\/\/rahvaroivad.ee\/regioonid\/saared\/karla\">K\u00e4rla<\/a><\/li><li><a href=\"https:\/\/rahvaroivad.ee\/regioonid\/saared\/mustjala\">Mustjala<\/a><\/li><li><a href=\"https:\/\/rahvaroivad.ee\/regioonid\/saared\/poide\">P\u00f6ide<\/a><\/li><li><a href=\"https:\/\/rahvaroivad.ee\/regioonid\/saared\/puha\">P\u00fcha<\/a><\/li><li><a href=\"https:\/\/rahvaroivad.ee\/regioonid\/saared\/jaani\">Valjala<\/a><\/li><li><a href=\"https:\/\/rahvaroivad.ee\/regioonid\/saared\/ruhnu\">Ruhnu <\/a><\/li><\/ul>\n\n\n\n<h2 class=\"wp-block-heading\">Materjalid<\/h2>\n\n\n\n<p> Metoodiliste materjalide, n\u00e4idiste ja ajalooliste esemete loetelu:  <\/p>\n\n\n\n<ul class=\"wp-block-list\"><li>Karja kihelkonna rahvar\u00f5ivaid tutvustav tr\u00fckis;<\/li><li>rahvar\u00f5ivaid tutvustavad raamatud;<\/li><li>Saaremaa rahvar\u00f5ivaste raamat;<\/li><li>videofilm \u201eAnsek\u00fcla naine paneb end riidesse\u201c;<\/li><li>seelikutriibustike kogu;<\/li><li>Mustjala sarik\u00fclli ja kasuka valmistamise \u00f5petused;<\/li><li>muuseumiesemete loetelu;<\/li><li>n\u00e4idiskomplektid ja Saaremaa Muuseumi originaalesemed.<\/li><\/ul>\n","protected":false},"excerpt":{"rendered":"<p>Asukoht Saaremaa Muuseumi varahoidlaArhiivi tn 193815 Kuressaare Kontakt E-post: marelirannap@gmail.com Tel: +372 5228817 Veebileht N\u00f5ustaja Mareli Rannap \u2013 T\u00dc VKA p\u00e4randtehnoloogia magister, rahvar\u00f5ivameistri 7. taseme kutsetunnistus, valmistanud Karja naise rahvariided, Mustjala naise kasuka ning juhendanud J\u00e4maja ja Karja meeste rahvariiete komplektide valmistamist. N\u00f5ustamise kord &nbsp; &nbsp; N\u00f5uandelaup\u00e4evad 1 x kuus &nbsp; &nbsp; Konsultatsioon n\u00f5uandekojas eelnevalt [&hellip;]<\/p>\n","protected":false},"author":1,"featured_media":6389,"parent":9003,"menu_order":0,"comment_status":"closed","ping_status":"closed","template":"","meta":{"footnotes":""},"class_list":["post-556","page","type-page","status-publish","has-post-thumbnail","hentry","entry"],"featured_media_parent":"6389","featured_media_orientation":"portrait","featured_media_width":1709,"featured_media_height":2560,"menu":453,"_links":{"self":[{"href":"https:\/\/stage.cms.rahvaroivad.ee\/\/wp-json\/wp\/v2\/pages\/556","targetHints":{"allow":["GET"]}}],"collection":[{"href":"https:\/\/stage.cms.rahvaroivad.ee\/\/wp-json\/wp\/v2\/pages"}],"about":[{"href":"https:\/\/stage.cms.rahvaroivad.ee\/\/wp-json\/wp\/v2\/types\/page"}],"author":[{"embeddable":true,"href":"https:\/\/stage.cms.rahvaroivad.ee\/\/wp-json\/wp\/v2\/users\/1"}],"replies":[{"embeddable":true,"href":"https:\/\/stage.cms.rahvaroivad.ee\/\/wp-json\/wp\/v2\/comments?post=556"}],"version-history":[{"count":5,"href":"https:\/\/stage.cms.rahvaroivad.ee\/\/wp-json\/wp\/v2\/pages\/556\/revisions"}],"predecessor-version":[{"id":36015,"href":"https:\/\/stage.cms.rahvaroivad.ee\/\/wp-json\/wp\/v2\/pages\/556\/revisions\/36015"}],"up":[{"embeddable":true,"href":"https:\/\/stage.cms.rahvaroivad.ee\/\/wp-json\/wp\/v2\/pages\/9003"}],"wp:featuredmedia":[{"embeddable":true,"href":"https:\/\/stage.cms.rahvaroivad.ee\/\/wp-json\/wp\/v2\/media\/6389"}],"wp:attachment":[{"href":"https:\/\/stage.cms.rahvaroivad.ee\/\/wp-json\/wp\/v2\/media?parent=556"}],"curies":[{"name":"wp","href":"https:\/\/api.w.org\/{rel}","templated":true}]}}