{"id":10294,"date":"2020-05-14T01:41:53","date_gmt":"2020-05-13T22:41:53","guid":{"rendered":"https:\/\/rahvaroivad.archaeovision.eu\/?page_id=10294"},"modified":"2025-02-27T13:53:25","modified_gmt":"2025-02-27T11:53:25","slug":"parnumaa","status":"publish","type":"page","link":"https:\/\/stage.rahvaroivad.ee\/nouandekojad\/parnumaa\/","title":{"rendered":"P\u00e4rnumaa rahvar\u00f5iva n\u00f5uandekoda"},"content":{"rendered":"\n<h2 class=\"wp-block-heading\">Asukoht<\/h2>\n\n\n\n<p>T\u00f5stamaa K\u00e4sit\u00f6\u00f6keskus<br>Varbla mnt 24<br>T\u00f5stamaa<br>88101 P\u00e4rnu linn  <\/p>\n\n\n\n<h2 class=\"wp-block-heading\">N\u00f5ustajad<\/h2>\n\n\n\n<ul class=\"wp-block-list\"><li>Anu Randmaa (<a href=\"mailto:anu@folkart.ee\">anu@rahvaroivas.ee<\/a>, tel 56682283) \u2013 7. taseme kutsetunnistusega rahvar\u00f5ivameister, Tallinna \u00dclikooli magister, T\u00f5stamaa K\u00e4sit\u00f6\u00f6keskus<\/li><li>Inna Raud (<a href=\"mailto:inna.antson@gmail.com\">inna.antson@gmail.com<\/a>) \u2013 T\u00dc Viljandi Kultuuriakadeemia p\u00e4randtehnoloogia magister, 7. taseme kutsetunnistusega rahvar\u00f5ivameister<\/li><li>Liis Luhamaa (<a href=\"mailto:liis@rahvaroivas.ee\">liis@rahvaroivas.ee<\/a>) \u2013 T\u00dc Viljandi Kultuuriakadeemia p\u00e4randtehnoloogia magister, 7. taseme kutsetunnistusega rahvar\u00f5ivameister<\/li><li>\u00dclli Kont (<a href=\"mailto:ylli@pernau.ee\">yllikont@gmail.com<\/a>) \u2013 T\u00dc Viljandi Kultuuriakadeemia p\u00e4randtehnoloogia magister<\/li><\/ul>\n\n\n\n<h2 class=\"wp-block-heading\">N\u00f5ustamine<\/h2>\n\n\n\n<ul class=\"wp-block-list\"><li>N\u00f5uandekoda tegutseb T\u00f5stamaa K\u00e4sit\u00f6\u00f6keskuses ja P\u00e4rnu Muuseumis.<\/li><li>P\u00f5hjalikumad konsultatsioonid toimuvad eelnevalt kokkulepitud aegadel v\u00f5i e-posti teel.<\/li><\/ul>\n\n\n\n<h2 class=\"wp-block-heading\">Kihelkonnad<\/h2>\n\n\n\n<p>N\u00f5uandekoda kogub, valdab ja jagab informatsiooni t\u00e4nap\u00e4eva P\u00e4rnumaale j\u00e4\u00e4vate kihelkondade rahvar\u00f5ivaste kohta:<strong> <\/strong><\/p>\n\n\n\n<ul class=\"wp-block-list\"><li><a href=\"https:\/\/rahvaroivad.ee\/regioonid\/laane-eesti\/parnu\">P\u00e4rnu Eliisabeti<\/a><\/li><li><a href=\"https:\/\/rahvaroivad.ee\/regioonid\/laane-eesti\/saarde\">Saarde<\/a><\/li><li><a href=\"https:\/\/rahvaroivad.ee\/regioonid\/laane-eesti\/haademeeste\">H\u00e4\u00e4demeeste<\/a><\/li><li><a href=\"https:\/\/rahvaroivad.ee\/regioonid\/laane-eesti\/tori\">Tori <\/a><\/li><li><a href=\"https:\/\/rahvaroivad.ee\/regioonid\/laane-eesti\/vandra\">V\u00e4ndra <\/a><\/li><li><a href=\"https:\/\/rahvaroivad.ee\/regioonid\/laane-eesti\/parnu-jaagupi\">P\u00e4rnu-Jaagupi <\/a><\/li><li><a href=\"https:\/\/rahvaroivad.ee\/regioonid\/laane-eesti\/audru\">Audru<\/a><\/li><li><a href=\"https:\/\/rahvaroivad.ee\/regioonid\/laane-eesti\/tostamaa\">T\u00f5stamaa <\/a><\/li><li><a href=\"https:\/\/rahvaroivad.ee\/regioonid\/laane-eesti\/mihkli\">Mihkli <\/a><\/li><li><a href=\"https:\/\/rahvaroivad.ee\/regioonid\/laane-eesti\/varbla\">Varbla<\/a><\/li><li><a href=\"https:\/\/rahvaroivad.ee\/regioonid\/laane-eesti\/hanila\">Hanila<\/a><\/li><li><a href=\"https:\/\/rahvaroivad.ee\/regioonid\/laane-eesti\/karuse\">Karuse<\/a><\/li><li><a href=\"https:\/\/rahvaroivad.ee\/regioonid\/laane-eesti\/lihula\">Lihula<\/a><\/li><li><a href=\"https:\/\/rahvaroivad.ee\/regioonid\/laane-eesti\/kirbla\">Kirbla<\/a><\/li><\/ul>\n\n\n\n<h2 class=\"wp-block-heading\">Materjalid<\/h2>\n\n\n\n<ul class=\"wp-block-list\"><li>MT\u00dc T\u00f5stamaa K\u00e4sit\u00f6\u00f6keskuse \u00f5ppeklassis on erialane kirjandus, kihelkondlikud uurimused ja seal toimub P\u00e4rnumaa rahvar\u00f5ivakool. Praktilise \u00f5ppet\u00f6\u00f6 v\u00f5imalus on eelneval kokkuleppel K ja N kell 18.00-21.00<\/li><li>P\u00e4rnu Muuseumi uurimissaalis on v\u00f5imalik eelneval kokkuleppel uurida fondis s\u00e4ilitatavaid rahvar\u00f5ivaesemeid ning lugeda kogutud teabematerjali.<\/li><\/ul>\n","protected":false},"excerpt":{"rendered":"<p>Asukoht T\u00f5stamaa K\u00e4sit\u00f6\u00f6keskusVarbla mnt 24T\u00f5stamaa88101 P\u00e4rnu linn N\u00f5ustajad Anu Randmaa (anu@rahvaroivas.ee, tel 56682283) \u2013 7. taseme kutsetunnistusega rahvar\u00f5ivameister, Tallinna \u00dclikooli magister, T\u00f5stamaa K\u00e4sit\u00f6\u00f6keskus Inna Raud (inna.antson@gmail.com) \u2013 T\u00dc Viljandi Kultuuriakadeemia p\u00e4randtehnoloogia magister, 7. taseme kutsetunnistusega rahvar\u00f5ivameister Liis Luhamaa (liis@rahvaroivas.ee) \u2013 T\u00dc Viljandi Kultuuriakadeemia p\u00e4randtehnoloogia magister, 7. taseme kutsetunnistusega rahvar\u00f5ivameister \u00dclli Kont (yllikont@gmail.com) \u2013 T\u00dc Viljandi [&hellip;]<\/p>\n","protected":false},"author":4,"featured_media":0,"parent":9003,"menu_order":0,"comment_status":"closed","ping_status":"closed","template":"","meta":{"footnotes":""},"class_list":["post-10294","page","type-page","status-publish","hentry","entry"],"featured_media_parent":false,"featured_media_orientation":false,"featured_media_width":false,"featured_media_height":false,"menu":453,"_links":{"self":[{"href":"https:\/\/stage.cms.rahvaroivad.ee\/\/wp-json\/wp\/v2\/pages\/10294","targetHints":{"allow":["GET"]}}],"collection":[{"href":"https:\/\/stage.cms.rahvaroivad.ee\/\/wp-json\/wp\/v2\/pages"}],"about":[{"href":"https:\/\/stage.cms.rahvaroivad.ee\/\/wp-json\/wp\/v2\/types\/page"}],"author":[{"embeddable":true,"href":"https:\/\/stage.cms.rahvaroivad.ee\/\/wp-json\/wp\/v2\/users\/4"}],"replies":[{"embeddable":true,"href":"https:\/\/stage.cms.rahvaroivad.ee\/\/wp-json\/wp\/v2\/comments?post=10294"}],"version-history":[{"count":6,"href":"https:\/\/stage.cms.rahvaroivad.ee\/\/wp-json\/wp\/v2\/pages\/10294\/revisions"}],"predecessor-version":[{"id":37660,"href":"https:\/\/stage.cms.rahvaroivad.ee\/\/wp-json\/wp\/v2\/pages\/10294\/revisions\/37660"}],"up":[{"embeddable":true,"href":"https:\/\/stage.cms.rahvaroivad.ee\/\/wp-json\/wp\/v2\/pages\/9003"}],"wp:attachment":[{"href":"https:\/\/stage.cms.rahvaroivad.ee\/\/wp-json\/wp\/v2\/media?parent=10294"}],"curies":[{"name":"wp","href":"https:\/\/api.w.org\/{rel}","templated":true}]}}